{"id":2213,"date":"2021-02-23T11:42:07","date_gmt":"2021-02-23T10:42:07","guid":{"rendered":"https:\/\/www.fontemurata.it\/privacy-policy\/"},"modified":"2025-04-29T16:03:51","modified_gmt":"2025-04-29T14:03:51","slug":"privacy-policy","status":"publish","type":"page","link":"https:\/\/www.fontemurata.it\/de\/privacy-policy\/","title":{"rendered":"Privacy Policy"},"content":{"rendered":"<div class=\"wpb-content-wrapper\"><p>[vc_row content_style=&#8221;content_dark&#8221;][vc_column content_style=&#8221;content_dark&#8221;][vc_column_text css=&#8221;&#8221;]<\/p>\n<h4>Informativa al cliente<\/h4>\n<p>Gentile Cliente,<\/p>\n<p>ai sensi della normativa vigente in materia di protezione dei dati personali (Regolamento UE n. 679 del 2016), desideriamo informarla che i trattamenti dei suoi dati personali sono effettuati con correttezza e trasparenza, per fini leciti e tutelando la sua riservatezza ed i suoi diritti.<\/p>\n<p>I trattamenti sono effettuati anche con l\u2019ausilio di mezzi informatici per le seguenti finalit\u00e0:<\/p>\n<ol>\n<li><u>per acquisire e confermare la sua prenotazione di servizi di alloggio e servizi accessori, e per fornire i servizi richiesti<\/u>. Trattandosi di trattamenti necessari per la definizione dell\u2019accordo contrattuale e per la sua successiva attuazione, non \u00e8 richiesto il suo consenso, tranne nel caso in cui siano conferiti dati particolari, cosiddetti sensibili. In caso di rifiuto a conferire i dati personali, non potremo confermare la prenotazione o fornirle i servizi richiesti. Il trattamento cesser\u00e0 alla sua partenza, ma alcuni suoi dati personali potranno o dovranno continuare ad essere trattati per le finalit\u00e0 e con le modalit\u00e0 indicate nei punti successivi;<\/li>\n<li><u>per adempiere all\u2019obbligo previsto dal \u201cTesto unico delle leggi di pubblica sicurezza\u201d<\/u> (articolo 109 R.D. 18.6.1931 n. 773) <u>che ci impone di comunicare alla Questura, per fini di pubblica sicurezza, le generalit\u00e0 dei clienti alloggiati<\/u> secondo le modalit\u00e0 stabilite dal Ministero dell\u2019Interno (Decreto 7 gennaio 2013). Il conferimento dei dati \u00e8 obbligatorio e non richiede il suo consenso, ed in caso di rifiuto a fornirli non potremo ospitarla nella nostra struttura. I dati acquisiti per tale finalit\u00e0 non vengono da noi conservati, a meno che non ci fornisca il consenso alla conservazione come previsto al punto 4;<\/li>\n<li><u>per adempiere ai vigenti obblighi amministrativi, contabili e fiscali<\/u>. Per tali finalit\u00e0 il trattamento \u00e8 effettuato senza necessit\u00e0 di acquisire il suo consenso. I dati sono trattati da noi e da nostri incaricati, e vengono comunicati all\u2019esterno solo in adempimento ad obblighi di legge. In caso di rifiuto a conferire i dati necessari per gli adempimenti sopra indicati, non potremo fornirle i servizi richiesti. I dati acquisiti per tali finalit\u00e0 vengono da noi conservati per il tempo previsto dalle rispettive normative (10 anni, e anche oltre in caso di accertamenti fiscali);<\/li>\n<li><u>per accelerare le procedure di registrazione in caso di suoi successivi soggiorni presso la nostra struttura<\/u>. Per tale finalit\u00e0, previa acquisizione del suo consenso revocabile in qualsiasi momento, i suoi dati saranno conservati per il periodo massimo di 2 anni e saranno utilizzati quando sar\u00e0 nuovamente nostro ospite per le finalit\u00e0 di cui ai punti precedenti;<\/li>\n<li><u>per espletare la funzione di ricevimento di messaggi e telefonate a lei indirizzati durante il suo soggiorno<\/u>. Per tale finalit\u00e0 \u00e8 necessario il suo consenso. Potr\u00e0 revocare il consenso in qualsiasi momento. Il trattamento cesser\u00e0 comunque alla sua partenza;<\/li>\n<li><u>per inviarle nostri messaggi promozionali e aggiornamenti sulle tariffe e sulle offerte praticate<\/u>. Per tale finalit\u00e0, previa acquisizione del suo consenso, i suoi dati saranno conservati per il periodo massimo di 2 anni e non saranno comunicati a terzi. Potr\u00e0 revocare il consenso in qualsiasi momento;<\/li>\n<li><u>per fini di protezione delle persone, della propriet\u00e0 e del patrimonio aziendale attraverso un sistema di videosorveglianza di alcune aree della struttura, individuabili per la presenza di appositi cartelli<\/u>. Per tale trattamento non \u00e8 richiesto il suo consenso, in quanto persegue il nostro legittimo interesse a tutelare le persone ed i beni rispetto a possibili aggressioni, furti, rapine, danneggiamenti, atti di vandalismo e per finalit\u00e0 di prevenzione incendi e di sicurezza del lavoro. Le immagini registrate sono cancellate dopo 24 ore, salvo festivi o altri casi di chiusura dell\u2019esercizio, e comunque non oltre una settimana. Non sono oggetto di comunicazione a terzi, tranne nel caso in cui si debba aderire ad una specifica richiesta investigativa dell\u2019autorit\u00e0 giudiziaria o di polizia giudiziaria.<\/li>\n<\/ol>\n<p>Desideriamo inoltre informarla che il Regolamento europeo le riconosce alcuni diritti, tra cui il diritto di accesso e di rettifica, o di cancellazione o di limitazione o di opposizione al trattamento, oltre al diritto alla portabilit\u00e0 dei dati, se ed in quanto applicabili (articoli da 15 a 22 del Regolamento UE n. 679 del 2016). Pu\u00f2 inoltre proporre reclamo all\u2019autorit\u00e0 di controllo, secondo le procedure previste dalla normativa vigente.<\/p>\n<p>Per qualsiasi ulteriore informazione, e per far valere i diritti a lei riconosciuti dal Regolamento europeo, potr\u00e0 rivolgersi a:<br \/>\n<strong>Titolare del trattamento<\/strong>: Fonte Murata di Emanuela Sardi, (+39) 388 74 33 686, info@fontemurata.it<br \/>\n<strong>Responsabile del trattamento<\/strong>: Emanuela Sardi, (+39) 388 74 33 686, info@fontemurata.it[\/vc_column_text][vc_column_text]<\/p>\n<h4><a name=\"termini\"><\/a>Termini e condizioni di iscrizione alla mailing list per ricevere la newsletter<\/h4>\n<p>Si informa che i dati personali inviati tramite la sottoscrizione alla nostra newsletter sono utilizzati con lo scopo principale di inviare periodicamente una newsletter contenente informazioni e iniziative legate ai temi trattati nel sito.<\/p>\n<p>Per informazioni specifiche sulla privacy e sul trattamento dei dati personali si ricorda che l&#8217;iscrizione alla newsletter \u00e8 subordinata alla presa visione ed all&#8217;accettazione della relativa informativa. Il conferimento dei dati \u00e8 obbligatorio essendo funzionale agli scopi sopraddetti.<\/p>\n<p>La modalit\u00e0 di iscrizione alla newsletter \u00e8 in &#8220;Double Opt-In&#8221; (chi si iscrive riceve un messaggio di posta elettronica al quale fa seguito una conferma sul sito per perfezionare l&#8217;iscrizione; questa modalit\u00e0 garantisce l&#8217;utente da iscrizioni effettuate da parte di terzi).<\/p>\n<p>Ogni iscritto ha facolt\u00e0 di cancellarsi dalla newsletter in qualsiasi momento cliccando sull&#8217;apposito link presente in calce ad ogni comunicazione inviata oppure inviandoci un richiesta via email all&#8217;indirizzo info@fontemurata.it.<\/p>\n<p>Con l&#8217;attuale testo l&#8217;utente prende atto di quanto riportato.[\/vc_column_text][\/vc_column][\/vc_row]<\/p>\n<\/div>","protected":false},"excerpt":{"rendered":"<p>[vc_row content_style=&#8221;content_dark&#8221;][vc_column content_style=&#8221;content_dark&#8221;][vc_column_text css=&#8221;&#8221;] Informativa al cliente Gentile Cliente, ai sensi della normativa vigente in materia di protezione dei dati personali (Regolamento UE n. 679 del 2016), desideriamo informarla che i trattamenti dei suoi dati personali sono effettuati con correttezza e trasparenza, per fini leciti e tutelando la sua riservatezza ed i suoi diritti. I [&hellip;]<\/p>\n","protected":false},"author":1,"featured_media":0,"parent":0,"menu_order":99,"comment_status":"closed","ping_status":"closed","template":"","meta":{"_acf_changed":false,"_joinchat":[],"footnotes":""},"class_list":["post-2213","page","type-page","status-publish","hentry"],"acf":[],"yoast_head":"<!-- This site is optimized with the Yoast SEO plugin v26.4 - https:\/\/yoast.com\/wordpress\/plugins\/seo\/ -->\n<title>Privacy Policy &#8902; B&amp;B Fonte Murata, Isola d&#039;Elba<\/title>\n<meta name=\"robots\" content=\"noindex, nofollow\" \/>\n<meta property=\"og:locale\" content=\"de_DE\" \/>\n<meta property=\"og:type\" content=\"article\" \/>\n<meta property=\"og:title\" content=\"Privacy Policy &#8902; B&amp;B Fonte Murata, Isola d&#039;Elba\" \/>\n<meta property=\"og:description\" content=\"[vc_row content_style=&#8221;content_dark&#8221;][vc_column content_style=&#8221;content_dark&#8221;][vc_column_text css=&#8221;&#8221;] Informativa al cliente Gentile Cliente, ai sensi della normativa vigente in materia di protezione dei dati personali (Regolamento UE n. 679 del 2016), desideriamo informarla che i trattamenti dei suoi dati personali sono effettuati con correttezza e trasparenza, per fini leciti e tutelando la sua riservatezza ed i suoi diritti. I [&hellip;]\" \/>\n<meta property=\"og:url\" content=\"https:\/\/www.fontemurata.it\/de\/privacy-policy\/\" \/>\n<meta property=\"og:site_name\" content=\"B&amp;B Fonte Murata\" \/>\n<meta property=\"article:publisher\" content=\"https:\/\/www.facebook.com\/fontemurata.elba\" \/>\n<meta property=\"article:modified_time\" content=\"2025-04-29T14:03:51+00:00\" \/>\n<meta name=\"twitter:card\" content=\"summary_large_image\" \/>\n<meta name=\"twitter:label1\" content=\"Gesch\u00e4tzte Lesezeit\" \/>\n\t<meta name=\"twitter:data1\" content=\"4\u00a0Minuten\" \/>\n<script type=\"application\/ld+json\" class=\"yoast-schema-graph\">{\"@context\":\"https:\/\/schema.org\",\"@graph\":[{\"@type\":\"WebPage\",\"@id\":\"https:\/\/www.fontemurata.it\/de\/privacy-policy\/\",\"url\":\"https:\/\/www.fontemurata.it\/de\/privacy-policy\/\",\"name\":\"Privacy Policy &#8902; B&amp;B Fonte Murata, Isola d'Elba\",\"isPartOf\":{\"@id\":\"https:\/\/www.fontemurata.it\/de\/#website\"},\"datePublished\":\"2021-02-23T10:42:07+00:00\",\"dateModified\":\"2025-04-29T14:03:51+00:00\",\"breadcrumb\":{\"@id\":\"https:\/\/www.fontemurata.it\/de\/privacy-policy\/#breadcrumb\"},\"inLanguage\":\"de\",\"potentialAction\":[{\"@type\":\"ReadAction\",\"target\":[\"https:\/\/www.fontemurata.it\/de\/privacy-policy\/\"]}]},{\"@type\":\"BreadcrumbList\",\"@id\":\"https:\/\/www.fontemurata.it\/de\/privacy-policy\/#breadcrumb\",\"itemListElement\":[{\"@type\":\"ListItem\",\"position\":1,\"name\":\"Home\",\"item\":\"https:\/\/www.fontemurata.it\/de\/\"},{\"@type\":\"ListItem\",\"position\":2,\"name\":\"Privacy Policy\"}]},{\"@type\":\"WebSite\",\"@id\":\"https:\/\/www.fontemurata.it\/de\/#website\",\"url\":\"https:\/\/www.fontemurata.it\/de\/\",\"name\":\"B&B Fonte Murata\",\"description\":\"Isola d&#039;Elba\",\"publisher\":{\"@id\":\"https:\/\/www.fontemurata.it\/de\/#organization\"},\"potentialAction\":[{\"@type\":\"SearchAction\",\"target\":{\"@type\":\"EntryPoint\",\"urlTemplate\":\"https:\/\/www.fontemurata.it\/de\/?s={search_term_string}\"},\"query-input\":{\"@type\":\"PropertyValueSpecification\",\"valueRequired\":true,\"valueName\":\"search_term_string\"}}],\"inLanguage\":\"de\"},{\"@type\":\"Organization\",\"@id\":\"https:\/\/www.fontemurata.it\/de\/#organization\",\"name\":\"B&B Fonte Murata\",\"url\":\"https:\/\/www.fontemurata.it\/de\/\",\"logo\":{\"@type\":\"ImageObject\",\"inLanguage\":\"de\",\"@id\":\"https:\/\/www.fontemurata.it\/de\/#\/schema\/logo\/image\/\",\"url\":\"https:\/\/www.fontemurata.it\/wp-content\/uploads\/fonte-murata.png\",\"contentUrl\":\"https:\/\/www.fontemurata.it\/wp-content\/uploads\/fonte-murata.png\",\"width\":400,\"height\":150,\"caption\":\"B&B Fonte Murata\"},\"image\":{\"@id\":\"https:\/\/www.fontemurata.it\/de\/#\/schema\/logo\/image\/\"},\"sameAs\":[\"https:\/\/www.facebook.com\/fontemurata.elba\",\"https:\/\/www.instagram.com\/fontemurata_bbelba\/\"]}]}<\/script>\n<!-- \/ Yoast SEO plugin. -->","yoast_head_json":{"title":"Privacy Policy &#8902; B&amp;B Fonte Murata, Isola d'Elba","robots":{"index":"noindex","follow":"nofollow"},"og_locale":"de_DE","og_type":"article","og_title":"Privacy Policy &#8902; B&amp;B Fonte Murata, Isola d'Elba","og_description":"[vc_row content_style=&#8221;content_dark&#8221;][vc_column content_style=&#8221;content_dark&#8221;][vc_column_text css=&#8221;&#8221;] Informativa al cliente Gentile Cliente, ai sensi della normativa vigente in materia di protezione dei dati personali (Regolamento UE n. 679 del 2016), desideriamo informarla che i trattamenti dei suoi dati personali sono effettuati con correttezza e trasparenza, per fini leciti e tutelando la sua riservatezza ed i suoi diritti. I [&hellip;]","og_url":"https:\/\/www.fontemurata.it\/de\/privacy-policy\/","og_site_name":"B&amp;B Fonte Murata","article_publisher":"https:\/\/www.facebook.com\/fontemurata.elba","article_modified_time":"2025-04-29T14:03:51+00:00","twitter_card":"summary_large_image","twitter_misc":{"Gesch\u00e4tzte Lesezeit":"4\u00a0Minuten"},"schema":{"@context":"https:\/\/schema.org","@graph":[{"@type":"WebPage","@id":"https:\/\/www.fontemurata.it\/de\/privacy-policy\/","url":"https:\/\/www.fontemurata.it\/de\/privacy-policy\/","name":"Privacy Policy &#8902; B&amp;B Fonte Murata, Isola d'Elba","isPartOf":{"@id":"https:\/\/www.fontemurata.it\/de\/#website"},"datePublished":"2021-02-23T10:42:07+00:00","dateModified":"2025-04-29T14:03:51+00:00","breadcrumb":{"@id":"https:\/\/www.fontemurata.it\/de\/privacy-policy\/#breadcrumb"},"inLanguage":"de","potentialAction":[{"@type":"ReadAction","target":["https:\/\/www.fontemurata.it\/de\/privacy-policy\/"]}]},{"@type":"BreadcrumbList","@id":"https:\/\/www.fontemurata.it\/de\/privacy-policy\/#breadcrumb","itemListElement":[{"@type":"ListItem","position":1,"name":"Home","item":"https:\/\/www.fontemurata.it\/de\/"},{"@type":"ListItem","position":2,"name":"Privacy Policy"}]},{"@type":"WebSite","@id":"https:\/\/www.fontemurata.it\/de\/#website","url":"https:\/\/www.fontemurata.it\/de\/","name":"B&B Fonte Murata","description":"Isola d&#039;Elba","publisher":{"@id":"https:\/\/www.fontemurata.it\/de\/#organization"},"potentialAction":[{"@type":"SearchAction","target":{"@type":"EntryPoint","urlTemplate":"https:\/\/www.fontemurata.it\/de\/?s={search_term_string}"},"query-input":{"@type":"PropertyValueSpecification","valueRequired":true,"valueName":"search_term_string"}}],"inLanguage":"de"},{"@type":"Organization","@id":"https:\/\/www.fontemurata.it\/de\/#organization","name":"B&B Fonte Murata","url":"https:\/\/www.fontemurata.it\/de\/","logo":{"@type":"ImageObject","inLanguage":"de","@id":"https:\/\/www.fontemurata.it\/de\/#\/schema\/logo\/image\/","url":"https:\/\/www.fontemurata.it\/wp-content\/uploads\/fonte-murata.png","contentUrl":"https:\/\/www.fontemurata.it\/wp-content\/uploads\/fonte-murata.png","width":400,"height":150,"caption":"B&B Fonte Murata"},"image":{"@id":"https:\/\/www.fontemurata.it\/de\/#\/schema\/logo\/image\/"},"sameAs":["https:\/\/www.facebook.com\/fontemurata.elba","https:\/\/www.instagram.com\/fontemurata_bbelba\/"]}]}},"_links":{"self":[{"href":"https:\/\/www.fontemurata.it\/de\/wp-json\/wp\/v2\/pages\/2213","targetHints":{"allow":["GET"]}}],"collection":[{"href":"https:\/\/www.fontemurata.it\/de\/wp-json\/wp\/v2\/pages"}],"about":[{"href":"https:\/\/www.fontemurata.it\/de\/wp-json\/wp\/v2\/types\/page"}],"author":[{"embeddable":true,"href":"https:\/\/www.fontemurata.it\/de\/wp-json\/wp\/v2\/users\/1"}],"replies":[{"embeddable":true,"href":"https:\/\/www.fontemurata.it\/de\/wp-json\/wp\/v2\/comments?post=2213"}],"version-history":[{"count":1,"href":"https:\/\/www.fontemurata.it\/de\/wp-json\/wp\/v2\/pages\/2213\/revisions"}],"predecessor-version":[{"id":2821,"href":"https:\/\/www.fontemurata.it\/de\/wp-json\/wp\/v2\/pages\/2213\/revisions\/2821"}],"wp:attachment":[{"href":"https:\/\/www.fontemurata.it\/de\/wp-json\/wp\/v2\/media?parent=2213"}],"curies":[{"name":"wp","href":"https:\/\/api.w.org\/{rel}","templated":true}]}}