{"id":2115,"date":"2021-02-22T12:08:49","date_gmt":"2021-02-22T11:08:49","guid":{"rendered":"https:\/\/www.fontemurata.it\/zimmer\/camera-delle-erbe\/"},"modified":"2024-02-05T15:32:43","modified_gmt":"2024-02-05T14:32:43","slug":"zimmer-delle-erbe","status":"publish","type":"page","link":"https:\/\/www.fontemurata.it\/de\/zimmer\/zimmer-delle-erbe\/","title":{"rendered":"Zimmer delle Erbe"},"content":{"rendered":"<div class=\"wpb-content-wrapper\"><p>[vc_row full_width=&#8221;stretch_row&#8221; equal_height=&#8221;yes&#8221; content_placement=&#8221;middle&#8221; content_style=&#8221;content_dark&#8221; css=&#8221;.vc_custom_1613989854885{margin-top: 50px !important;padding-top: 35px !important;padding-bottom: 50px !important;background-image: url(https:\/\/www.fontemurata.it\/wp-content\/uploads\/grey-brush-effect-1-1.png?id=1124) !important;background-position: center !important;background-repeat: no-repeat !important;background-size: cover !important;}&#8221;][vc_column content_style=&#8221;content_dark&#8221; css=&#8221;.vc_custom_1604982807564{padding-top: 0px !important;}&#8221;][vc_row_inner css=&#8221;.vc_custom_1612519767290{background-color: #ffffff !important;}&#8221;][vc_column_inner css=&#8221;.vc_custom_1612519816631{padding-top: 10px !important;}&#8221;][vc_custom_heading source=&#8221;&#8221; text=&#8221;Zimmer delle Erbe&#8221; font_container=&#8221;tag:h2|font_size:33|text_align:left|line_height:43px&#8221; custom_heading_font_weights=&#8221;font-700&#8243; css=&#8221;.vc_custom_1619602562822{margin-top: 0px !important;margin-bottom: 20px !important;padding-top: 0px !important;}&#8221;][vc_column_text]Der Kleine im Haus ist das <strong>\u201eZimmer delle Erbe\u201c<\/strong> (Kr\u00e4uterzimmer). Das Zimmer mit Fenster zum Innenhof verf\u00fcgt \u00fcber ein Doppelbett, ist 12 Quadratmeter gro\u00df und f\u00fcr ein bis zwei Personen geeignet.<\/p>\n<p>Die M\u00f6bel sind im <strong>Shabby-Stil<\/strong> und umfassen einen Kleiderschrank und einen Schreibtisch, einen Safe und einen Minik\u00fchlschrank.<br \/>\nDas Badezimmer mit Dusche neben dem Zimmer ist privat, aber nicht intern und hat <strong>kein Bidet<\/strong>.[\/vc_column_text][vc_empty_space][vc_media_grid element_width=&#8221;2&#8243; gap=&#8221;10&#8243; grid_id=&#8221;vc_gid:1707143555561-476bee8c-cb2a-3&#8243; include=&#8221;1519,1522,1525,1528,1531,1534,1537,1540,1543,1546,1549,1552&#8243;][\/vc_column_inner][\/vc_row_inner][\/vc_column][\/vc_row][vc_row full_width=&#8221;stretch_row&#8221; content_style=&#8221;content_dark&#8221; css=&#8221;.vc_custom_1614328410237{padding-top: 20px !important;padding-bottom: 50px !important;background: #3a3636 url(https:\/\/www.fontemurata.it\/wp-content\/uploads\/grey-bg-pattern-2-white.png?id=1454) !important;background-position: center !important;background-repeat: no-repeat !important;background-size: cover !important;}&#8221;][vc_column content_style=&#8221;content_dark&#8221;][vc_custom_heading source=&#8221;&#8221; text=&#8221;Buchen Sie jetzt Ihren Aufenthalt!&#8221; font_container=&#8221;tag:h2|font_size:27px|text_align:center|color:%23ffffff|line_height:37px&#8221; custom_heading_font_weights=&#8221;font-700&#8243; css=&#8221;.vc_custom_1619602625387{margin-top: 0px !important;margin-bottom: 5px !important;padding-top: 0px !important;}&#8221;][vc_custom_heading source=&#8221;&#8221; text=&#8221;Bester Preis garantiert \u2013 20% Rabatt auf F\u00e4hrentickets&#8221; font_container=&#8221;tag:p|text_align:center|color:%23ffffff&#8221; custom_heading_font_weights=&#8221;font-400&#8243; css=&#8221;.vc_custom_1619602637618{margin-top: 0px !important;margin-bottom: 20px !important;padding-top: 0px !important;}&#8221; el_class=&#8221;font-italic&#8221;][vc_btn title=&#8221;Verf\u00fcgbarkeit pr\u00fcfen&#8221; align=&#8221;center&#8221; link=&#8221;url:https%3A%2F%2Fbe.quovai.com%2Fde%2Fbe%2Ffontemurata|target:_blank&#8221; el_class=&#8221;btn btnbook&#8221; css=&#8221;.vc_custom_1707143562064{margin-bottom: 0px !important;}&#8221;][\/vc_column][\/vc_row]<\/p>\n<\/div>","protected":false},"excerpt":{"rendered":"<p>[vc_row full_width=&#8221;stretch_row&#8221; equal_height=&#8221;yes&#8221; content_placement=&#8221;middle&#8221; content_style=&#8221;content_dark&#8221; css=&#8221;.vc_custom_1613989854885{margin-top: 50px !important;padding-top: 35px !important;padding-bottom: 50px !important;background-image: url(https:\/\/www.fontemurata.it\/wp-content\/uploads\/grey-brush-effect-1-1.png?id=1124) !important;background-position: center !important;background-repeat: no-repeat !important;background-size: cover !important;}&#8221;][vc_column content_style=&#8221;content_dark&#8221; css=&#8221;.vc_custom_1604982807564{padding-top: 0px !important;}&#8221;][vc_row_inner css=&#8221;.vc_custom_1612519767290{background-color: #ffffff !important;}&#8221;][vc_column_inner css=&#8221;.vc_custom_1612519816631{padding-top: 10px !important;}&#8221;][vc_custom_heading source=&#8221;&#8221; text=&#8221;Zimmer delle Erbe&#8221; font_container=&#8221;tag:h2|font_size:33|text_align:left|line_height:43px&#8221; custom_heading_font_weights=&#8221;font-700&#8243; css=&#8221;.vc_custom_1619602562822{margin-top: 0px !important;margin-bottom: 20px !important;padding-top: 0px !important;}&#8221;][vc_column_text]Der Kleine im Haus ist das \u201eZimmer delle Erbe\u201c (Kr\u00e4uterzimmer). Das Zimmer mit [&hellip;]<\/p>\n","protected":false},"author":1,"featured_media":1610,"parent":2062,"menu_order":2,"comment_status":"closed","ping_status":"closed","template":"","meta":{"_acf_changed":false,"_joinchat":[],"footnotes":""},"class_list":["post-2115","page","type-page","status-publish","has-post-thumbnail","hentry"],"acf":[],"yoast_head":"<!-- This site is optimized with the Yoast SEO plugin v26.4 - https:\/\/yoast.com\/wordpress\/plugins\/seo\/ -->\n<title>Zimmer delle Erbe &#8902; B&amp;B Fonte Murata, Insel Elba<\/title>\n<meta name=\"description\" content=\"Der Kleine im Haus ist das \u201eZimmer delle Erbe\u201c (Kr\u00e4uterzimmer). Das Zimmer mit Fenster zum Innenhof verf\u00fcgt \u00fcber ein Doppelbett.\" \/>\n<meta name=\"robots\" content=\"index, follow, max-snippet:-1, max-image-preview:large, max-video-preview:-1\" \/>\n<link rel=\"canonical\" href=\"https:\/\/www.fontemurata.it\/de\/zimmer\/zimmer-delle-erbe\/\" \/>\n<meta property=\"og:locale\" content=\"de_DE\" \/>\n<meta property=\"og:type\" content=\"article\" \/>\n<meta property=\"og:title\" content=\"Zimmer delle Erbe &#8902; B&amp;B Fonte Murata, Insel Elba\" \/>\n<meta property=\"og:description\" content=\"Der Kleine im Haus ist das \u201eZimmer delle Erbe\u201c (Kr\u00e4uterzimmer). Das Zimmer mit Fenster zum Innenhof verf\u00fcgt \u00fcber ein Doppelbett.\" \/>\n<meta property=\"og:url\" content=\"https:\/\/www.fontemurata.it\/de\/zimmer\/zimmer-delle-erbe\/\" \/>\n<meta property=\"og:site_name\" content=\"B&amp;B Fonte Murata\" \/>\n<meta property=\"article:publisher\" content=\"https:\/\/www.facebook.com\/fontemurata.elba\" \/>\n<meta property=\"article:modified_time\" content=\"2024-02-05T14:32:43+00:00\" \/>\n<meta property=\"og:image\" content=\"https:\/\/www.fontemurata.it\/wp-content\/uploads\/header_camera_delle_erbe.jpg\" \/>\n\t<meta property=\"og:image:width\" content=\"1600\" \/>\n\t<meta property=\"og:image:height\" content=\"670\" \/>\n\t<meta property=\"og:image:type\" content=\"image\/jpeg\" \/>\n<meta name=\"twitter:card\" content=\"summary_large_image\" \/>\n<meta name=\"twitter:label1\" content=\"Gesch\u00e4tzte Lesezeit\" \/>\n\t<meta name=\"twitter:data1\" content=\"3\u00a0Minuten\" \/>\n<script type=\"application\/ld+json\" class=\"yoast-schema-graph\">{\"@context\":\"https:\/\/schema.org\",\"@graph\":[{\"@type\":\"WebPage\",\"@id\":\"https:\/\/www.fontemurata.it\/de\/zimmer\/zimmer-delle-erbe\/\",\"url\":\"https:\/\/www.fontemurata.it\/de\/zimmer\/zimmer-delle-erbe\/\",\"name\":\"Zimmer delle Erbe &#8902; B&amp;B Fonte Murata, Insel Elba\",\"isPartOf\":{\"@id\":\"https:\/\/www.fontemurata.it\/de\/#website\"},\"primaryImageOfPage\":{\"@id\":\"https:\/\/www.fontemurata.it\/de\/zimmer\/zimmer-delle-erbe\/#primaryimage\"},\"image\":{\"@id\":\"https:\/\/www.fontemurata.it\/de\/zimmer\/zimmer-delle-erbe\/#primaryimage\"},\"thumbnailUrl\":\"https:\/\/www.fontemurata.it\/wp-content\/uploads\/header_camera_delle_erbe.jpg\",\"datePublished\":\"2021-02-22T11:08:49+00:00\",\"dateModified\":\"2024-02-05T14:32:43+00:00\",\"description\":\"Der Kleine im Haus ist das \u201eZimmer delle Erbe\u201c (Kr\u00e4uterzimmer). Das Zimmer mit Fenster zum Innenhof verf\u00fcgt \u00fcber ein Doppelbett.\",\"breadcrumb\":{\"@id\":\"https:\/\/www.fontemurata.it\/de\/zimmer\/zimmer-delle-erbe\/#breadcrumb\"},\"inLanguage\":\"de\",\"potentialAction\":[{\"@type\":\"ReadAction\",\"target\":[\"https:\/\/www.fontemurata.it\/de\/zimmer\/zimmer-delle-erbe\/\"]}]},{\"@type\":\"ImageObject\",\"inLanguage\":\"de\",\"@id\":\"https:\/\/www.fontemurata.it\/de\/zimmer\/zimmer-delle-erbe\/#primaryimage\",\"url\":\"https:\/\/www.fontemurata.it\/wp-content\/uploads\/header_camera_delle_erbe.jpg\",\"contentUrl\":\"https:\/\/www.fontemurata.it\/wp-content\/uploads\/header_camera_delle_erbe.jpg\",\"width\":1600,\"height\":670,\"caption\":\"Camera delle Erbe B&B Fonte Murata\"},{\"@type\":\"BreadcrumbList\",\"@id\":\"https:\/\/www.fontemurata.it\/de\/zimmer\/zimmer-delle-erbe\/#breadcrumb\",\"itemListElement\":[{\"@type\":\"ListItem\",\"position\":1,\"name\":\"Home\",\"item\":\"https:\/\/www.fontemurata.it\/de\/\"},{\"@type\":\"ListItem\",\"position\":2,\"name\":\"Die Zimmer\",\"item\":\"https:\/\/www.fontemurata.it\/de\/zimmer\/\"},{\"@type\":\"ListItem\",\"position\":3,\"name\":\"Zimmer delle Erbe\"}]},{\"@type\":\"WebSite\",\"@id\":\"https:\/\/www.fontemurata.it\/de\/#website\",\"url\":\"https:\/\/www.fontemurata.it\/de\/\",\"name\":\"B&B Fonte Murata\",\"description\":\"Isola d&#039;Elba\",\"publisher\":{\"@id\":\"https:\/\/www.fontemurata.it\/de\/#organization\"},\"potentialAction\":[{\"@type\":\"SearchAction\",\"target\":{\"@type\":\"EntryPoint\",\"urlTemplate\":\"https:\/\/www.fontemurata.it\/de\/?s={search_term_string}\"},\"query-input\":{\"@type\":\"PropertyValueSpecification\",\"valueRequired\":true,\"valueName\":\"search_term_string\"}}],\"inLanguage\":\"de\"},{\"@type\":\"Organization\",\"@id\":\"https:\/\/www.fontemurata.it\/de\/#organization\",\"name\":\"B&B Fonte Murata\",\"url\":\"https:\/\/www.fontemurata.it\/de\/\",\"logo\":{\"@type\":\"ImageObject\",\"inLanguage\":\"de\",\"@id\":\"https:\/\/www.fontemurata.it\/de\/#\/schema\/logo\/image\/\",\"url\":\"https:\/\/www.fontemurata.it\/wp-content\/uploads\/fonte-murata.png\",\"contentUrl\":\"https:\/\/www.fontemurata.it\/wp-content\/uploads\/fonte-murata.png\",\"width\":400,\"height\":150,\"caption\":\"B&B Fonte Murata\"},\"image\":{\"@id\":\"https:\/\/www.fontemurata.it\/de\/#\/schema\/logo\/image\/\"},\"sameAs\":[\"https:\/\/www.facebook.com\/fontemurata.elba\",\"https:\/\/www.instagram.com\/fontemurata_bbelba\/\"]}]}<\/script>\n<!-- \/ Yoast SEO plugin. -->","yoast_head_json":{"title":"Zimmer delle Erbe &#8902; B&amp;B Fonte Murata, Insel Elba","description":"Der Kleine im Haus ist das \u201eZimmer delle Erbe\u201c (Kr\u00e4uterzimmer). Das Zimmer mit Fenster zum Innenhof verf\u00fcgt \u00fcber ein Doppelbett.","robots":{"index":"index","follow":"follow","max-snippet":"max-snippet:-1","max-image-preview":"max-image-preview:large","max-video-preview":"max-video-preview:-1"},"canonical":"https:\/\/www.fontemurata.it\/de\/zimmer\/zimmer-delle-erbe\/","og_locale":"de_DE","og_type":"article","og_title":"Zimmer delle Erbe &#8902; B&amp;B Fonte Murata, Insel Elba","og_description":"Der Kleine im Haus ist das \u201eZimmer delle Erbe\u201c (Kr\u00e4uterzimmer). Das Zimmer mit Fenster zum Innenhof verf\u00fcgt \u00fcber ein Doppelbett.","og_url":"https:\/\/www.fontemurata.it\/de\/zimmer\/zimmer-delle-erbe\/","og_site_name":"B&amp;B Fonte Murata","article_publisher":"https:\/\/www.facebook.com\/fontemurata.elba","article_modified_time":"2024-02-05T14:32:43+00:00","og_image":[{"width":1600,"height":670,"url":"https:\/\/www.fontemurata.it\/wp-content\/uploads\/header_camera_delle_erbe.jpg","type":"image\/jpeg"}],"twitter_card":"summary_large_image","twitter_misc":{"Gesch\u00e4tzte Lesezeit":"3\u00a0Minuten"},"schema":{"@context":"https:\/\/schema.org","@graph":[{"@type":"WebPage","@id":"https:\/\/www.fontemurata.it\/de\/zimmer\/zimmer-delle-erbe\/","url":"https:\/\/www.fontemurata.it\/de\/zimmer\/zimmer-delle-erbe\/","name":"Zimmer delle Erbe &#8902; B&amp;B Fonte Murata, Insel Elba","isPartOf":{"@id":"https:\/\/www.fontemurata.it\/de\/#website"},"primaryImageOfPage":{"@id":"https:\/\/www.fontemurata.it\/de\/zimmer\/zimmer-delle-erbe\/#primaryimage"},"image":{"@id":"https:\/\/www.fontemurata.it\/de\/zimmer\/zimmer-delle-erbe\/#primaryimage"},"thumbnailUrl":"https:\/\/www.fontemurata.it\/wp-content\/uploads\/header_camera_delle_erbe.jpg","datePublished":"2021-02-22T11:08:49+00:00","dateModified":"2024-02-05T14:32:43+00:00","description":"Der Kleine im Haus ist das \u201eZimmer delle Erbe\u201c (Kr\u00e4uterzimmer). Das Zimmer mit Fenster zum Innenhof verf\u00fcgt \u00fcber ein Doppelbett.","breadcrumb":{"@id":"https:\/\/www.fontemurata.it\/de\/zimmer\/zimmer-delle-erbe\/#breadcrumb"},"inLanguage":"de","potentialAction":[{"@type":"ReadAction","target":["https:\/\/www.fontemurata.it\/de\/zimmer\/zimmer-delle-erbe\/"]}]},{"@type":"ImageObject","inLanguage":"de","@id":"https:\/\/www.fontemurata.it\/de\/zimmer\/zimmer-delle-erbe\/#primaryimage","url":"https:\/\/www.fontemurata.it\/wp-content\/uploads\/header_camera_delle_erbe.jpg","contentUrl":"https:\/\/www.fontemurata.it\/wp-content\/uploads\/header_camera_delle_erbe.jpg","width":1600,"height":670,"caption":"Camera delle Erbe B&B Fonte Murata"},{"@type":"BreadcrumbList","@id":"https:\/\/www.fontemurata.it\/de\/zimmer\/zimmer-delle-erbe\/#breadcrumb","itemListElement":[{"@type":"ListItem","position":1,"name":"Home","item":"https:\/\/www.fontemurata.it\/de\/"},{"@type":"ListItem","position":2,"name":"Die Zimmer","item":"https:\/\/www.fontemurata.it\/de\/zimmer\/"},{"@type":"ListItem","position":3,"name":"Zimmer delle Erbe"}]},{"@type":"WebSite","@id":"https:\/\/www.fontemurata.it\/de\/#website","url":"https:\/\/www.fontemurata.it\/de\/","name":"B&B Fonte Murata","description":"Isola d&#039;Elba","publisher":{"@id":"https:\/\/www.fontemurata.it\/de\/#organization"},"potentialAction":[{"@type":"SearchAction","target":{"@type":"EntryPoint","urlTemplate":"https:\/\/www.fontemurata.it\/de\/?s={search_term_string}"},"query-input":{"@type":"PropertyValueSpecification","valueRequired":true,"valueName":"search_term_string"}}],"inLanguage":"de"},{"@type":"Organization","@id":"https:\/\/www.fontemurata.it\/de\/#organization","name":"B&B Fonte Murata","url":"https:\/\/www.fontemurata.it\/de\/","logo":{"@type":"ImageObject","inLanguage":"de","@id":"https:\/\/www.fontemurata.it\/de\/#\/schema\/logo\/image\/","url":"https:\/\/www.fontemurata.it\/wp-content\/uploads\/fonte-murata.png","contentUrl":"https:\/\/www.fontemurata.it\/wp-content\/uploads\/fonte-murata.png","width":400,"height":150,"caption":"B&B Fonte Murata"},"image":{"@id":"https:\/\/www.fontemurata.it\/de\/#\/schema\/logo\/image\/"},"sameAs":["https:\/\/www.facebook.com\/fontemurata.elba","https:\/\/www.instagram.com\/fontemurata_bbelba\/"]}]}},"_links":{"self":[{"href":"https:\/\/www.fontemurata.it\/de\/wp-json\/wp\/v2\/pages\/2115","targetHints":{"allow":["GET"]}}],"collection":[{"href":"https:\/\/www.fontemurata.it\/de\/wp-json\/wp\/v2\/pages"}],"about":[{"href":"https:\/\/www.fontemurata.it\/de\/wp-json\/wp\/v2\/types\/page"}],"author":[{"embeddable":true,"href":"https:\/\/www.fontemurata.it\/de\/wp-json\/wp\/v2\/users\/1"}],"replies":[{"embeddable":true,"href":"https:\/\/www.fontemurata.it\/de\/wp-json\/wp\/v2\/comments?post=2115"}],"version-history":[{"count":5,"href":"https:\/\/www.fontemurata.it\/de\/wp-json\/wp\/v2\/pages\/2115\/revisions"}],"predecessor-version":[{"id":2762,"href":"https:\/\/www.fontemurata.it\/de\/wp-json\/wp\/v2\/pages\/2115\/revisions\/2762"}],"up":[{"embeddable":true,"href":"https:\/\/www.fontemurata.it\/de\/wp-json\/wp\/v2\/pages\/2062"}],"wp:featuredmedia":[{"embeddable":true,"href":"https:\/\/www.fontemurata.it\/de\/wp-json\/wp\/v2\/media\/1610"}],"wp:attachment":[{"href":"https:\/\/www.fontemurata.it\/de\/wp-json\/wp\/v2\/media?parent=2115"}],"curies":[{"name":"wp","href":"https:\/\/api.w.org\/{rel}","templated":true}]}}