{"id":2082,"date":"2021-02-22T11:48:43","date_gmt":"2021-02-22T10:48:43","guid":{"rendered":"https:\/\/www.fontemurata.it\/zimmer\/camera-dei-fiori\/"},"modified":"2025-10-20T16:50:08","modified_gmt":"2025-10-20T14:50:08","slug":"zimmer-dei-fiori","status":"publish","type":"page","link":"https:\/\/www.fontemurata.it\/de\/zimmer\/zimmer-dei-fiori\/","title":{"rendered":"Zimmer dei Fiori"},"content":{"rendered":"<div class=\"wpb-content-wrapper\"><p>[vc_row full_width=&#8221;stretch_row&#8221; equal_height=&#8221;yes&#8221; content_placement=&#8221;middle&#8221; content_style=&#8221;content_dark&#8221; css=&#8221;.vc_custom_1613989854885{margin-top: 50px !important;padding-top: 35px !important;padding-bottom: 50px !important;background-image: url(https:\/\/www.fontemurata.it\/wp-content\/uploads\/grey-brush-effect-1-1.png?id=1124) !important;background-position: center !important;background-repeat: no-repeat !important;background-size: cover !important;}&#8221;][vc_column content_style=&#8221;content_dark&#8221; css=&#8221;.vc_custom_1604982807564{padding-top: 0px !important;}&#8221;][vc_row_inner css=&#8221;.vc_custom_1612519767290{background-color: #ffffff !important;}&#8221;][vc_column_inner css=&#8221;.vc_custom_1612519816631{padding-top: 10px !important;}&#8221;][vc_custom_heading source=&#8221;&#8221; text=&#8221;Zimmer dei Fiori&#8221; font_container=&#8221;tag:h2|font_size:33|text_align:left|line_height:43px&#8221; custom_heading_font_weights=&#8221;font-700&#8243; css=&#8221;.vc_custom_1619600942554{margin-top: 0px !important;margin-bottom: 20px !important;padding-top: 0px !important;}&#8221;][vc_column_text css=&#8221;&#8221;]Das \u201e<strong>Zimmer dei Fiori<\/strong>\u201c (der Blumenzimmer) ist das gr\u00f6\u00dfte unserer Doppelzimmer. Es ist komfortabel und hell und mit Antiquit\u00e4ten, einem Bett und modernen Accessoires in hellen Farben ausgestattet.<\/p>\n<p>Das Zimmer verf\u00fcgt \u00fcber <strong>eine Glast\u00fcre mit Blick auf den Pool<\/strong>, einen <strong>begehbaren Kleiderschrank<\/strong> mit <strong>Safe und Minik\u00fchlschrank<\/strong>, <strong>Klimaanlage<\/strong> und ein <strong>ger\u00e4umiges Badezimmer<\/strong> mit zwei <strong>Waschbecken<\/strong> und <strong>Dusche<\/strong>.[\/vc_column_text][vc_empty_space][vc_media_grid element_width=&#8221;2&#8243; gap=&#8221;10&#8243; css=&#8221;&#8221; initial_loading_animation=&#8221;none&#8221; grid_id=&#8221;vc_gid:1760971788912-3853dd4d-64cb-7&#8243; include=&#8221;2645,2648,2651,2654,1492,1495,2270,1507,1513&#8243;][\/vc_column_inner][\/vc_row_inner][\/vc_column][\/vc_row][vc_row full_width=&#8221;stretch_row&#8221; content_style=&#8221;content_dark&#8221; css=&#8221;.vc_custom_1614328410237{padding-top: 20px !important;padding-bottom: 50px !important;background: #3a3636 url(https:\/\/www.fontemurata.it\/wp-content\/uploads\/grey-bg-pattern-2-white.png?id=1454) !important;background-position: center !important;background-repeat: no-repeat !important;background-size: cover !important;}&#8221;][vc_column content_style=&#8221;content_dark&#8221;][vc_custom_heading source=&#8221;&#8221; text=&#8221;Buchen Sie jetzt Ihren Aufenthalt!&#8221; font_container=&#8221;tag:h2|font_size:27px|text_align:center|color:%23ffffff|line_height:37px&#8221; custom_heading_font_weights=&#8221;font-700&#8243; css=&#8221;.vc_custom_1619601019222{margin-top: 0px !important;margin-bottom: 5px !important;padding-top: 0px !important;}&#8221;][vc_custom_heading source=&#8221;&#8221; text=&#8221;Bester Preis garantiert \u2013 20% Rabatt auf F\u00e4hrentickets&#8221; font_container=&#8221;tag:p|text_align:center|color:%23ffffff&#8221; custom_heading_font_weights=&#8221;font-400&#8243; css=&#8221;.vc_custom_1619601028509{margin-top: 0px !important;margin-bottom: 20px !important;padding-top: 0px !important;}&#8221; el_class=&#8221;font-italic&#8221;][vc_btn title=&#8221;Verf\u00fcgbarkeit pr\u00fcfen&#8221; align=&#8221;center&#8221; link=&#8221;url:https%3A%2F%2Fbe.quovai.com%2Fde%2Fbe%2Ffontemurata|target:_blank&#8221; el_class=&#8221;btn btnbook&#8221; css=&#8221;.vc_custom_1707143450102{margin-bottom: 0px !important;}&#8221;][\/vc_column][\/vc_row]<\/p>\n<\/div>","protected":false},"excerpt":{"rendered":"<p>[vc_row full_width=&#8221;stretch_row&#8221; equal_height=&#8221;yes&#8221; content_placement=&#8221;middle&#8221; content_style=&#8221;content_dark&#8221; css=&#8221;.vc_custom_1613989854885{margin-top: 50px !important;padding-top: 35px !important;padding-bottom: 50px !important;background-image: url(https:\/\/www.fontemurata.it\/wp-content\/uploads\/grey-brush-effect-1-1.png?id=1124) !important;background-position: center !important;background-repeat: no-repeat !important;background-size: cover !important;}&#8221;][vc_column content_style=&#8221;content_dark&#8221; css=&#8221;.vc_custom_1604982807564{padding-top: 0px !important;}&#8221;][vc_row_inner css=&#8221;.vc_custom_1612519767290{background-color: #ffffff !important;}&#8221;][vc_column_inner css=&#8221;.vc_custom_1612519816631{padding-top: 10px !important;}&#8221;][vc_custom_heading source=&#8221;&#8221; text=&#8221;Zimmer dei Fiori&#8221; font_container=&#8221;tag:h2|font_size:33|text_align:left|line_height:43px&#8221; custom_heading_font_weights=&#8221;font-700&#8243; css=&#8221;.vc_custom_1619600942554{margin-top: 0px !important;margin-bottom: 20px !important;padding-top: 0px !important;}&#8221;][vc_column_text css=&#8221;&#8221;]Das \u201eZimmer dei Fiori\u201c (der Blumenzimmer) ist das gr\u00f6\u00dfte unserer Doppelzimmer. Es [&hellip;]<\/p>\n","protected":false},"author":1,"featured_media":1600,"parent":2062,"menu_order":1,"comment_status":"closed","ping_status":"closed","template":"","meta":{"_acf_changed":false,"_joinchat":[],"footnotes":""},"class_list":["post-2082","page","type-page","status-publish","has-post-thumbnail","hentry"],"acf":[],"yoast_head":"<!-- This site is optimized with the Yoast SEO plugin v26.4 - https:\/\/yoast.com\/wordpress\/plugins\/seo\/ -->\n<title>Zimmer dei Fiori &#8902; B&amp;B Fonte Murata, Insel Elba<\/title>\n<meta name=\"description\" content=\"Das \u201eZimmer dei Fiori\u201c ist das gr\u00f6\u00dfte unserer Doppelzimmer. Es ist komfortabel und hell und mit Antiquit\u00e4ten.\" \/>\n<meta name=\"robots\" content=\"index, follow, max-snippet:-1, max-image-preview:large, max-video-preview:-1\" \/>\n<link rel=\"canonical\" href=\"https:\/\/www.fontemurata.it\/de\/zimmer\/zimmer-dei-fiori\/\" \/>\n<meta property=\"og:locale\" content=\"de_DE\" \/>\n<meta property=\"og:type\" content=\"article\" \/>\n<meta property=\"og:title\" content=\"Zimmer dei Fiori &#8902; B&amp;B Fonte Murata, Insel Elba\" \/>\n<meta property=\"og:description\" content=\"Das \u201eZimmer dei Fiori\u201c ist das gr\u00f6\u00dfte unserer Doppelzimmer. Es ist komfortabel und hell und mit Antiquit\u00e4ten.\" \/>\n<meta property=\"og:url\" content=\"https:\/\/www.fontemurata.it\/de\/zimmer\/zimmer-dei-fiori\/\" \/>\n<meta property=\"og:site_name\" content=\"B&amp;B Fonte Murata\" \/>\n<meta property=\"article:publisher\" content=\"https:\/\/www.facebook.com\/fontemurata.elba\" \/>\n<meta property=\"article:modified_time\" content=\"2025-10-20T14:50:08+00:00\" \/>\n<meta property=\"og:image\" content=\"https:\/\/www.fontemurata.it\/wp-content\/uploads\/header_camera_dei_fiori.jpg\" \/>\n\t<meta property=\"og:image:width\" content=\"1600\" \/>\n\t<meta property=\"og:image:height\" content=\"670\" \/>\n\t<meta property=\"og:image:type\" content=\"image\/jpeg\" \/>\n<meta name=\"twitter:card\" content=\"summary_large_image\" \/>\n<meta name=\"twitter:label1\" content=\"Gesch\u00e4tzte Lesezeit\" \/>\n\t<meta name=\"twitter:data1\" content=\"4\u00a0Minuten\" \/>\n<script type=\"application\/ld+json\" class=\"yoast-schema-graph\">{\"@context\":\"https:\/\/schema.org\",\"@graph\":[{\"@type\":\"WebPage\",\"@id\":\"https:\/\/www.fontemurata.it\/de\/zimmer\/zimmer-dei-fiori\/\",\"url\":\"https:\/\/www.fontemurata.it\/de\/zimmer\/zimmer-dei-fiori\/\",\"name\":\"Zimmer dei Fiori &#8902; B&amp;B Fonte Murata, Insel Elba\",\"isPartOf\":{\"@id\":\"https:\/\/www.fontemurata.it\/de\/#website\"},\"primaryImageOfPage\":{\"@id\":\"https:\/\/www.fontemurata.it\/de\/zimmer\/zimmer-dei-fiori\/#primaryimage\"},\"image\":{\"@id\":\"https:\/\/www.fontemurata.it\/de\/zimmer\/zimmer-dei-fiori\/#primaryimage\"},\"thumbnailUrl\":\"https:\/\/www.fontemurata.it\/wp-content\/uploads\/header_camera_dei_fiori.jpg\",\"datePublished\":\"2021-02-22T10:48:43+00:00\",\"dateModified\":\"2025-10-20T14:50:08+00:00\",\"description\":\"Das \u201eZimmer dei Fiori\u201c ist das gr\u00f6\u00dfte unserer Doppelzimmer. Es ist komfortabel und hell und mit Antiquit\u00e4ten.\",\"breadcrumb\":{\"@id\":\"https:\/\/www.fontemurata.it\/de\/zimmer\/zimmer-dei-fiori\/#breadcrumb\"},\"inLanguage\":\"de\",\"potentialAction\":[{\"@type\":\"ReadAction\",\"target\":[\"https:\/\/www.fontemurata.it\/de\/zimmer\/zimmer-dei-fiori\/\"]}]},{\"@type\":\"ImageObject\",\"inLanguage\":\"de\",\"@id\":\"https:\/\/www.fontemurata.it\/de\/zimmer\/zimmer-dei-fiori\/#primaryimage\",\"url\":\"https:\/\/www.fontemurata.it\/wp-content\/uploads\/header_camera_dei_fiori.jpg\",\"contentUrl\":\"https:\/\/www.fontemurata.it\/wp-content\/uploads\/header_camera_dei_fiori.jpg\",\"width\":1600,\"height\":670,\"caption\":\"Camera dei Fiori B&B Fonte Murata\"},{\"@type\":\"BreadcrumbList\",\"@id\":\"https:\/\/www.fontemurata.it\/de\/zimmer\/zimmer-dei-fiori\/#breadcrumb\",\"itemListElement\":[{\"@type\":\"ListItem\",\"position\":1,\"name\":\"Home\",\"item\":\"https:\/\/www.fontemurata.it\/de\/\"},{\"@type\":\"ListItem\",\"position\":2,\"name\":\"Die Zimmer\",\"item\":\"https:\/\/www.fontemurata.it\/de\/zimmer\/\"},{\"@type\":\"ListItem\",\"position\":3,\"name\":\"Zimmer dei Fiori\"}]},{\"@type\":\"WebSite\",\"@id\":\"https:\/\/www.fontemurata.it\/de\/#website\",\"url\":\"https:\/\/www.fontemurata.it\/de\/\",\"name\":\"B&B Fonte Murata\",\"description\":\"Isola d&#039;Elba\",\"publisher\":{\"@id\":\"https:\/\/www.fontemurata.it\/de\/#organization\"},\"potentialAction\":[{\"@type\":\"SearchAction\",\"target\":{\"@type\":\"EntryPoint\",\"urlTemplate\":\"https:\/\/www.fontemurata.it\/de\/?s={search_term_string}\"},\"query-input\":{\"@type\":\"PropertyValueSpecification\",\"valueRequired\":true,\"valueName\":\"search_term_string\"}}],\"inLanguage\":\"de\"},{\"@type\":\"Organization\",\"@id\":\"https:\/\/www.fontemurata.it\/de\/#organization\",\"name\":\"B&B Fonte Murata\",\"url\":\"https:\/\/www.fontemurata.it\/de\/\",\"logo\":{\"@type\":\"ImageObject\",\"inLanguage\":\"de\",\"@id\":\"https:\/\/www.fontemurata.it\/de\/#\/schema\/logo\/image\/\",\"url\":\"https:\/\/www.fontemurata.it\/wp-content\/uploads\/fonte-murata.png\",\"contentUrl\":\"https:\/\/www.fontemurata.it\/wp-content\/uploads\/fonte-murata.png\",\"width\":400,\"height\":150,\"caption\":\"B&B Fonte Murata\"},\"image\":{\"@id\":\"https:\/\/www.fontemurata.it\/de\/#\/schema\/logo\/image\/\"},\"sameAs\":[\"https:\/\/www.facebook.com\/fontemurata.elba\",\"https:\/\/www.instagram.com\/fontemurata_bbelba\/\"]}]}<\/script>\n<!-- \/ Yoast SEO plugin. -->","yoast_head_json":{"title":"Zimmer dei Fiori &#8902; B&amp;B Fonte Murata, Insel Elba","description":"Das \u201eZimmer dei Fiori\u201c ist das gr\u00f6\u00dfte unserer Doppelzimmer. Es ist komfortabel und hell und mit Antiquit\u00e4ten.","robots":{"index":"index","follow":"follow","max-snippet":"max-snippet:-1","max-image-preview":"max-image-preview:large","max-video-preview":"max-video-preview:-1"},"canonical":"https:\/\/www.fontemurata.it\/de\/zimmer\/zimmer-dei-fiori\/","og_locale":"de_DE","og_type":"article","og_title":"Zimmer dei Fiori &#8902; B&amp;B Fonte Murata, Insel Elba","og_description":"Das \u201eZimmer dei Fiori\u201c ist das gr\u00f6\u00dfte unserer Doppelzimmer. Es ist komfortabel und hell und mit Antiquit\u00e4ten.","og_url":"https:\/\/www.fontemurata.it\/de\/zimmer\/zimmer-dei-fiori\/","og_site_name":"B&amp;B Fonte Murata","article_publisher":"https:\/\/www.facebook.com\/fontemurata.elba","article_modified_time":"2025-10-20T14:50:08+00:00","og_image":[{"width":1600,"height":670,"url":"https:\/\/www.fontemurata.it\/wp-content\/uploads\/header_camera_dei_fiori.jpg","type":"image\/jpeg"}],"twitter_card":"summary_large_image","twitter_misc":{"Gesch\u00e4tzte Lesezeit":"4\u00a0Minuten"},"schema":{"@context":"https:\/\/schema.org","@graph":[{"@type":"WebPage","@id":"https:\/\/www.fontemurata.it\/de\/zimmer\/zimmer-dei-fiori\/","url":"https:\/\/www.fontemurata.it\/de\/zimmer\/zimmer-dei-fiori\/","name":"Zimmer dei Fiori &#8902; B&amp;B Fonte Murata, Insel Elba","isPartOf":{"@id":"https:\/\/www.fontemurata.it\/de\/#website"},"primaryImageOfPage":{"@id":"https:\/\/www.fontemurata.it\/de\/zimmer\/zimmer-dei-fiori\/#primaryimage"},"image":{"@id":"https:\/\/www.fontemurata.it\/de\/zimmer\/zimmer-dei-fiori\/#primaryimage"},"thumbnailUrl":"https:\/\/www.fontemurata.it\/wp-content\/uploads\/header_camera_dei_fiori.jpg","datePublished":"2021-02-22T10:48:43+00:00","dateModified":"2025-10-20T14:50:08+00:00","description":"Das \u201eZimmer dei Fiori\u201c ist das gr\u00f6\u00dfte unserer Doppelzimmer. Es ist komfortabel und hell und mit Antiquit\u00e4ten.","breadcrumb":{"@id":"https:\/\/www.fontemurata.it\/de\/zimmer\/zimmer-dei-fiori\/#breadcrumb"},"inLanguage":"de","potentialAction":[{"@type":"ReadAction","target":["https:\/\/www.fontemurata.it\/de\/zimmer\/zimmer-dei-fiori\/"]}]},{"@type":"ImageObject","inLanguage":"de","@id":"https:\/\/www.fontemurata.it\/de\/zimmer\/zimmer-dei-fiori\/#primaryimage","url":"https:\/\/www.fontemurata.it\/wp-content\/uploads\/header_camera_dei_fiori.jpg","contentUrl":"https:\/\/www.fontemurata.it\/wp-content\/uploads\/header_camera_dei_fiori.jpg","width":1600,"height":670,"caption":"Camera dei Fiori B&B Fonte Murata"},{"@type":"BreadcrumbList","@id":"https:\/\/www.fontemurata.it\/de\/zimmer\/zimmer-dei-fiori\/#breadcrumb","itemListElement":[{"@type":"ListItem","position":1,"name":"Home","item":"https:\/\/www.fontemurata.it\/de\/"},{"@type":"ListItem","position":2,"name":"Die Zimmer","item":"https:\/\/www.fontemurata.it\/de\/zimmer\/"},{"@type":"ListItem","position":3,"name":"Zimmer dei Fiori"}]},{"@type":"WebSite","@id":"https:\/\/www.fontemurata.it\/de\/#website","url":"https:\/\/www.fontemurata.it\/de\/","name":"B&B Fonte Murata","description":"Isola d&#039;Elba","publisher":{"@id":"https:\/\/www.fontemurata.it\/de\/#organization"},"potentialAction":[{"@type":"SearchAction","target":{"@type":"EntryPoint","urlTemplate":"https:\/\/www.fontemurata.it\/de\/?s={search_term_string}"},"query-input":{"@type":"PropertyValueSpecification","valueRequired":true,"valueName":"search_term_string"}}],"inLanguage":"de"},{"@type":"Organization","@id":"https:\/\/www.fontemurata.it\/de\/#organization","name":"B&B Fonte Murata","url":"https:\/\/www.fontemurata.it\/de\/","logo":{"@type":"ImageObject","inLanguage":"de","@id":"https:\/\/www.fontemurata.it\/de\/#\/schema\/logo\/image\/","url":"https:\/\/www.fontemurata.it\/wp-content\/uploads\/fonte-murata.png","contentUrl":"https:\/\/www.fontemurata.it\/wp-content\/uploads\/fonte-murata.png","width":400,"height":150,"caption":"B&B Fonte Murata"},"image":{"@id":"https:\/\/www.fontemurata.it\/de\/#\/schema\/logo\/image\/"},"sameAs":["https:\/\/www.facebook.com\/fontemurata.elba","https:\/\/www.instagram.com\/fontemurata_bbelba\/"]}]}},"_links":{"self":[{"href":"https:\/\/www.fontemurata.it\/de\/wp-json\/wp\/v2\/pages\/2082","targetHints":{"allow":["GET"]}}],"collection":[{"href":"https:\/\/www.fontemurata.it\/de\/wp-json\/wp\/v2\/pages"}],"about":[{"href":"https:\/\/www.fontemurata.it\/de\/wp-json\/wp\/v2\/types\/page"}],"author":[{"embeddable":true,"href":"https:\/\/www.fontemurata.it\/de\/wp-json\/wp\/v2\/users\/1"}],"replies":[{"embeddable":true,"href":"https:\/\/www.fontemurata.it\/de\/wp-json\/wp\/v2\/comments?post=2082"}],"version-history":[{"count":10,"href":"https:\/\/www.fontemurata.it\/de\/wp-json\/wp\/v2\/pages\/2082\/revisions"}],"predecessor-version":[{"id":2835,"href":"https:\/\/www.fontemurata.it\/de\/wp-json\/wp\/v2\/pages\/2082\/revisions\/2835"}],"up":[{"embeddable":true,"href":"https:\/\/www.fontemurata.it\/de\/wp-json\/wp\/v2\/pages\/2062"}],"wp:featuredmedia":[{"embeddable":true,"href":"https:\/\/www.fontemurata.it\/de\/wp-json\/wp\/v2\/media\/1600"}],"wp:attachment":[{"href":"https:\/\/www.fontemurata.it\/de\/wp-json\/wp\/v2\/media?parent=2082"}],"curies":[{"name":"wp","href":"https:\/\/api.w.org\/{rel}","templated":true}]}}