{"id":2052,"date":"2021-02-05T09:53:44","date_gmt":"2021-02-05T08:53:44","guid":{"rendered":"https:\/\/www.fontemurata.it\/il-bed-and-breakfast\/"},"modified":"2025-10-29T09:21:15","modified_gmt":"2025-10-29T08:21:15","slug":"bed-and-breakfast","status":"publish","type":"page","link":"https:\/\/www.fontemurata.it\/de\/bed-and-breakfast\/","title":{"rendered":"Bed &#038; Breakfast"},"content":{"rendered":"<div class=\"wpb-content-wrapper\"><p>[vc_row full_width=&#8221;stretch_row&#8221; equal_height=&#8221;yes&#8221; content_placement=&#8221;middle&#8221; content_style=&#8221;content_dark&#8221; css=&#8221;.vc_custom_1613989863558{margin-top: 50px !important;padding-top: 35px !important;padding-bottom: 50px !important;background-image: url(https:\/\/www.fontemurata.it\/wp-content\/uploads\/grey-brush-effect-1-1.png?id=1124) !important;background-position: center !important;background-repeat: no-repeat !important;background-size: cover !important;}&#8221; el_class=&#8221;bgbott&#8221;][vc_column content_style=&#8221;content_dark&#8221; css=&#8221;.vc_custom_1604982807564{padding-top: 0px !important;}&#8221;][vc_row_inner css=&#8221;.vc_custom_1612519767290{background-color: #ffffff !important;}&#8221;][vc_column_inner css=&#8221;.vc_custom_1612519816631{padding-top: 10px !important;}&#8221;][vc_custom_heading source=&#8221;&#8221; text=&#8221;Das Bed &amp; Breakfast&#8221; font_container=&#8221;tag:h2|font_size:33|text_align:left|line_height:43px&#8221; custom_heading_font_weights=&#8221;font-700&#8243; css=&#8221;.vc_custom_1619600574589{margin-top: 0px !important;margin-bottom: 20px !important;padding-top: 0px !important;}&#8221;][vc_custom_heading source=&#8221;&#8221; text=&#8221;Eingebettet in das \u00fcppige Gr\u00fcn der Landschaft von Portoferraio bietet das B&amp;B die M\u00f6glichkeit, ein einzigartiges Erlebnis, an einem eleganten und gleichzeitig vertrauten Ort, mit authentischen Aromen zu erleben.&#8221; font_container=&#8221;tag:p|font_size:18|text_align:left&#8221; custom_heading_font_weights=&#8221;font-600&#8243; css=&#8221;.vc_custom_1619600569709{margin-bottom: 15px !important;}&#8221;][vc_column_text css=&#8221;&#8221;]Angelo und Emanuela empfangen G\u00e4ste wie langj\u00e4hrige Freunde und \u00f6ffnen die T\u00fcren von Fonte Murata mit W\u00e4rme und Einfachheit.<br \/>\nSie wohnen auf dem Anwesen und teilen die Gemeinschaftsbereiche mit ihren G\u00e4sten. Jeder Winkel erz\u00e4hlt eine Geschichte, inmitten von B\u00fcchern, Familienerbst\u00fccken und liebevoll zusammengestellten Details. Hier erleben Sie eine authentische, famili\u00e4re Atmosph\u00e4re, in der die Zeit langsamer vergeht und Sie sich sofort wie zu Hause f\u00fchlen.<\/p>\n<p>Das B&amp;B verf\u00fcgt \u00fcber drei Zimmer, jedes mit eigenem Charakter und eigenem Bad.<\/p>\n<p>Die K\u00fcche ist das pulsierende Herzst\u00fcck, ein Ort, an dem k\u00f6stliche Fr\u00fchst\u00fccke zubereitet werden, verpackt in eleganten Picknickk\u00f6rben. Jeder Korb enth\u00e4lt eine kleine \u00dcberraschung: Brot, Butter, Marmelade, Croissants, hausgemachtes Geb\u00e4ck, Naturjoghurt und Fruchts\u00e4fte.<\/p>\n<p>G\u00e4ste k\u00f6nnen ihr Fr\u00fchst\u00fcck genie\u00dfen, wann und wo sie m\u00f6chten: im Garten mit herrlicher Aussicht, am Pool, im Wohnzimmer oder auf der Veranda &#8230; um den Tag mit einem Moment authentischen Genusses zu beginnen.[\/vc_column_text][vc_empty_space][\/vc_column_inner][\/vc_row_inner][vc_media_grid element_width=&#8221;2&#8243; gap=&#8221;10&#8243; item=&#8221;mediaGrid_ScaleWithRotation&#8221; grid_id=&#8221;vc_gid:1761726051151-0f550f10-a9b3-8&#8243; include=&#8221;2285,2456,2459,2462,2465,2468,2471,2474,2477,2480,2483,2486,2489,2492,2495,2498,2501,2504,2507,2510,2513,2516,2519,2522,2525,2528,2531,2537,2540,2543&#8243;][\/vc_column][\/vc_row][vc_row full_width=&#8221;stretch_row&#8221; equal_height=&#8221;yes&#8221; content_placement=&#8221;middle&#8221; content_style=&#8221;content_dark&#8221; css=&#8221;.vc_custom_1613991283918{padding-top: 35px !important;padding-bottom: 50px !important;background-image: url(https:\/\/www.fontemurata.it\/wp-content\/uploads\/grey-brush-effect-1-1.png?id=1124) !important;background-position: center !important;background-repeat: no-repeat !important;background-size: cover !important;}&#8221;][vc_column content_style=&#8221;content_dark&#8221; css=&#8221;.vc_custom_1604982807564{padding-top: 0px !important;}&#8221;][vc_row_inner css=&#8221;.vc_custom_1612519767290{background-color: #ffffff !important;}&#8221;][vc_column_inner css=&#8221;.vc_custom_1612519816631{padding-top: 10px !important;}&#8221;][vc_custom_heading source=&#8221;&#8221; text=&#8221;Die Dienstleistungen&#8221; font_container=&#8221;tag:h2|font_size:33|text_align:left|line_height:43px&#8221; custom_heading_font_weights=&#8221;font-700&#8243; css=&#8221;.vc_custom_1619600601507{margin-top: 0px !important;margin-bottom: 20px !important;padding-top: 0px !important;}&#8221;][vc_column_text css=&#8221;&#8221;]<\/p>\n<ul>\n<li>Zum Fr\u00fchst\u00fcck gibt es einen leckeren Picknickkorb mit hausgemachtem Kuchen, Brot, Butter, Marmelade, Joghurt, Fruchtsaft und Croissants.<\/li>\n<li>Gartenbereich mit Pool und Liegest\u00fchlen.<\/li>\n<li>Wi-Fi-Verbindung in allen Umgebungen.<\/li>\n<li>Vereinbarungen mit Reedereien.<\/li>\n<li>Parkplatz.<\/li>\n<\/ul>\n<p>[\/vc_column_text][vc_media_grid element_width=&#8221;2&#8243; gap=&#8221;10&#8243; item=&#8221;mediaGrid_ScaleWithRotation&#8221; css=&#8221;&#8221; grid_id=&#8221;vc_gid:1761726051168-e7a854ad-73a0-4&#8243; include=&#8221;1748,1751,1757,2557,2560,2566,2569,2572,2575,2581,2584,2596,2599,2602,2605,2611,2614,2617,2620,2623,2626,2629,2632,2635,2638,2858,2859,2860,2861,2862&#8243;][\/vc_column_inner][\/vc_row_inner][\/vc_column][\/vc_row][vc_row full_width=&#8221;stretch_row&#8221; content_style=&#8221;content_dark&#8221; css=&#8221;.vc_custom_1614328410237{padding-top: 20px !important;padding-bottom: 50px !important;background: #3a3636 url(https:\/\/www.fontemurata.it\/wp-content\/uploads\/grey-bg-pattern-2-white.png?id=1454) !important;background-position: center !important;background-repeat: no-repeat !important;background-size: cover !important;}&#8221;][vc_column content_style=&#8221;content_dark&#8221;][vc_custom_heading source=&#8221;&#8221; text=&#8221;Buchen Sie jetzt Ihren Aufenthalt!&#8221; font_container=&#8221;tag:h2|font_size:27px|text_align:center|color:%23ffffff|line_height:37px&#8221; custom_heading_font_weights=&#8221;font-700&#8243; css=&#8221;.vc_custom_1619600619731{margin-top: 0px !important;margin-bottom: 5px !important;padding-top: 0px !important;}&#8221;][vc_custom_heading source=&#8221;&#8221; text=&#8221;Bester Preis garantiert \u2013 20% Rabatt auf F\u00e4hrentickets&#8221; font_container=&#8221;tag:p|text_align:center|color:%23ffffff&#8221; custom_heading_font_weights=&#8221;font-400&#8243; css=&#8221;.vc_custom_1619600630897{margin-top: 0px !important;margin-bottom: 20px !important;padding-top: 0px !important;}&#8221; el_class=&#8221;font-italic&#8221;][vc_btn title=&#8221;Verf\u00fcgbarkeit pr\u00fcfen&#8221; align=&#8221;center&#8221; link=&#8221;url:https%3A%2F%2Fbe.quovai.com%2Fde%2Fbe%2Ffontemurata|target:_blank&#8221; el_class=&#8221;btn btnbook&#8221; css=&#8221;.vc_custom_1707143270216{margin-bottom: 0px !important;}&#8221;][\/vc_column][\/vc_row]<\/p>\n<\/div>","protected":false},"excerpt":{"rendered":"<p>[vc_row full_width=&#8221;stretch_row&#8221; equal_height=&#8221;yes&#8221; content_placement=&#8221;middle&#8221; content_style=&#8221;content_dark&#8221; css=&#8221;.vc_custom_1613989863558{margin-top: 50px !important;padding-top: 35px !important;padding-bottom: 50px !important;background-image: url(https:\/\/www.fontemurata.it\/wp-content\/uploads\/grey-brush-effect-1-1.png?id=1124) !important;background-position: center !important;background-repeat: no-repeat !important;background-size: cover !important;}&#8221; el_class=&#8221;bgbott&#8221;][vc_column content_style=&#8221;content_dark&#8221; css=&#8221;.vc_custom_1604982807564{padding-top: 0px !important;}&#8221;][vc_row_inner css=&#8221;.vc_custom_1612519767290{background-color: #ffffff !important;}&#8221;][vc_column_inner css=&#8221;.vc_custom_1612519816631{padding-top: 10px !important;}&#8221;][vc_custom_heading source=&#8221;&#8221; text=&#8221;Das Bed &amp; Breakfast&#8221; font_container=&#8221;tag:h2|font_size:33|text_align:left|line_height:43px&#8221; custom_heading_font_weights=&#8221;font-700&#8243; css=&#8221;.vc_custom_1619600574589{margin-top: 0px !important;margin-bottom: 20px !important;padding-top: 0px !important;}&#8221;][vc_custom_heading source=&#8221;&#8221; text=&#8221;Eingebettet in das \u00fcppige Gr\u00fcn der Landschaft von Portoferraio [&hellip;]<\/p>\n","protected":false},"author":1,"featured_media":2453,"parent":0,"menu_order":1,"comment_status":"closed","ping_status":"closed","template":"","meta":{"_acf_changed":false,"_joinchat":[],"footnotes":""},"class_list":["post-2052","page","type-page","status-publish","has-post-thumbnail","hentry"],"acf":[],"yoast_head":"<!-- This site is optimized with the Yoast SEO plugin v26.4 - https:\/\/yoast.com\/wordpress\/plugins\/seo\/ -->\n<title>Bed &amp; Breakfast &#8902; B&amp;B Fonte Murata, Insel Elba<\/title>\n<meta name=\"description\" content=\"Das Haus besteht aus 3 Schlafzimmern, jedes mit unterschiedlichen Eigenschaften und alle mit eigenem Bad. Ein Wohnzimmer mit TV und Kamin.\" \/>\n<meta name=\"robots\" content=\"index, follow, max-snippet:-1, max-image-preview:large, max-video-preview:-1\" \/>\n<link rel=\"canonical\" href=\"https:\/\/www.fontemurata.it\/de\/bed-and-breakfast\/\" \/>\n<meta property=\"og:locale\" content=\"de_DE\" \/>\n<meta property=\"og:type\" content=\"article\" \/>\n<meta property=\"og:title\" content=\"Bed &amp; Breakfast &#8902; B&amp;B Fonte Murata, Insel Elba\" \/>\n<meta property=\"og:description\" content=\"Das Haus besteht aus 3 Schlafzimmern, jedes mit unterschiedlichen Eigenschaften und alle mit eigenem Bad. Ein Wohnzimmer mit TV und Kamin.\" \/>\n<meta property=\"og:url\" content=\"https:\/\/www.fontemurata.it\/de\/bed-and-breakfast\/\" \/>\n<meta property=\"og:site_name\" content=\"B&amp;B Fonte Murata\" \/>\n<meta property=\"article:publisher\" content=\"https:\/\/www.facebook.com\/fontemurata.elba\" \/>\n<meta property=\"article:modified_time\" content=\"2025-10-29T08:21:15+00:00\" \/>\n<meta property=\"og:image\" content=\"https:\/\/www.fontemurata.it\/wp-content\/uploads\/header_bb_2023.jpg\" \/>\n\t<meta property=\"og:image:width\" content=\"1700\" \/>\n\t<meta property=\"og:image:height\" content=\"1133\" \/>\n\t<meta property=\"og:image:type\" content=\"image\/jpeg\" \/>\n<meta name=\"twitter:card\" content=\"summary_large_image\" \/>\n<meta name=\"twitter:label1\" content=\"Gesch\u00e4tzte Lesezeit\" \/>\n\t<meta name=\"twitter:data1\" content=\"3\u00a0Minuten\" \/>\n<script type=\"application\/ld+json\" class=\"yoast-schema-graph\">{\"@context\":\"https:\/\/schema.org\",\"@graph\":[{\"@type\":\"WebPage\",\"@id\":\"https:\/\/www.fontemurata.it\/de\/bed-and-breakfast\/\",\"url\":\"https:\/\/www.fontemurata.it\/de\/bed-and-breakfast\/\",\"name\":\"Bed & Breakfast &#8902; B&amp;B Fonte Murata, Insel Elba\",\"isPartOf\":{\"@id\":\"https:\/\/www.fontemurata.it\/de\/#website\"},\"primaryImageOfPage\":{\"@id\":\"https:\/\/www.fontemurata.it\/de\/bed-and-breakfast\/#primaryimage\"},\"image\":{\"@id\":\"https:\/\/www.fontemurata.it\/de\/bed-and-breakfast\/#primaryimage\"},\"thumbnailUrl\":\"https:\/\/www.fontemurata.it\/wp-content\/uploads\/header_bb_2023.jpg\",\"datePublished\":\"2021-02-05T08:53:44+00:00\",\"dateModified\":\"2025-10-29T08:21:15+00:00\",\"description\":\"Das Haus besteht aus 3 Schlafzimmern, jedes mit unterschiedlichen Eigenschaften und alle mit eigenem Bad. Ein Wohnzimmer mit TV und Kamin.\",\"breadcrumb\":{\"@id\":\"https:\/\/www.fontemurata.it\/de\/bed-and-breakfast\/#breadcrumb\"},\"inLanguage\":\"de\",\"potentialAction\":[{\"@type\":\"ReadAction\",\"target\":[\"https:\/\/www.fontemurata.it\/de\/bed-and-breakfast\/\"]}]},{\"@type\":\"ImageObject\",\"inLanguage\":\"de\",\"@id\":\"https:\/\/www.fontemurata.it\/de\/bed-and-breakfast\/#primaryimage\",\"url\":\"https:\/\/www.fontemurata.it\/wp-content\/uploads\/header_bb_2023.jpg\",\"contentUrl\":\"https:\/\/www.fontemurata.it\/wp-content\/uploads\/header_bb_2023.jpg\",\"width\":1700,\"height\":1133,\"caption\":\"B&B Fonte Murata\"},{\"@type\":\"BreadcrumbList\",\"@id\":\"https:\/\/www.fontemurata.it\/de\/bed-and-breakfast\/#breadcrumb\",\"itemListElement\":[{\"@type\":\"ListItem\",\"position\":1,\"name\":\"Home\",\"item\":\"https:\/\/www.fontemurata.it\/de\/\"},{\"@type\":\"ListItem\",\"position\":2,\"name\":\"Bed &#038; Breakfast\"}]},{\"@type\":\"WebSite\",\"@id\":\"https:\/\/www.fontemurata.it\/de\/#website\",\"url\":\"https:\/\/www.fontemurata.it\/de\/\",\"name\":\"B&B Fonte Murata\",\"description\":\"Isola d&#039;Elba\",\"publisher\":{\"@id\":\"https:\/\/www.fontemurata.it\/de\/#organization\"},\"potentialAction\":[{\"@type\":\"SearchAction\",\"target\":{\"@type\":\"EntryPoint\",\"urlTemplate\":\"https:\/\/www.fontemurata.it\/de\/?s={search_term_string}\"},\"query-input\":{\"@type\":\"PropertyValueSpecification\",\"valueRequired\":true,\"valueName\":\"search_term_string\"}}],\"inLanguage\":\"de\"},{\"@type\":\"Organization\",\"@id\":\"https:\/\/www.fontemurata.it\/de\/#organization\",\"name\":\"B&B Fonte Murata\",\"url\":\"https:\/\/www.fontemurata.it\/de\/\",\"logo\":{\"@type\":\"ImageObject\",\"inLanguage\":\"de\",\"@id\":\"https:\/\/www.fontemurata.it\/de\/#\/schema\/logo\/image\/\",\"url\":\"https:\/\/www.fontemurata.it\/wp-content\/uploads\/fonte-murata.png\",\"contentUrl\":\"https:\/\/www.fontemurata.it\/wp-content\/uploads\/fonte-murata.png\",\"width\":400,\"height\":150,\"caption\":\"B&B Fonte Murata\"},\"image\":{\"@id\":\"https:\/\/www.fontemurata.it\/de\/#\/schema\/logo\/image\/\"},\"sameAs\":[\"https:\/\/www.facebook.com\/fontemurata.elba\",\"https:\/\/www.instagram.com\/fontemurata_bbelba\/\"]}]}<\/script>\n<!-- \/ Yoast SEO plugin. -->","yoast_head_json":{"title":"Bed & Breakfast &#8902; B&amp;B Fonte Murata, Insel Elba","description":"Das Haus besteht aus 3 Schlafzimmern, jedes mit unterschiedlichen Eigenschaften und alle mit eigenem Bad. Ein Wohnzimmer mit TV und Kamin.","robots":{"index":"index","follow":"follow","max-snippet":"max-snippet:-1","max-image-preview":"max-image-preview:large","max-video-preview":"max-video-preview:-1"},"canonical":"https:\/\/www.fontemurata.it\/de\/bed-and-breakfast\/","og_locale":"de_DE","og_type":"article","og_title":"Bed & Breakfast &#8902; B&amp;B Fonte Murata, Insel Elba","og_description":"Das Haus besteht aus 3 Schlafzimmern, jedes mit unterschiedlichen Eigenschaften und alle mit eigenem Bad. Ein Wohnzimmer mit TV und Kamin.","og_url":"https:\/\/www.fontemurata.it\/de\/bed-and-breakfast\/","og_site_name":"B&amp;B Fonte Murata","article_publisher":"https:\/\/www.facebook.com\/fontemurata.elba","article_modified_time":"2025-10-29T08:21:15+00:00","og_image":[{"width":1700,"height":1133,"url":"https:\/\/www.fontemurata.it\/wp-content\/uploads\/header_bb_2023.jpg","type":"image\/jpeg"}],"twitter_card":"summary_large_image","twitter_misc":{"Gesch\u00e4tzte Lesezeit":"3\u00a0Minuten"},"schema":{"@context":"https:\/\/schema.org","@graph":[{"@type":"WebPage","@id":"https:\/\/www.fontemurata.it\/de\/bed-and-breakfast\/","url":"https:\/\/www.fontemurata.it\/de\/bed-and-breakfast\/","name":"Bed & Breakfast &#8902; B&amp;B Fonte Murata, Insel Elba","isPartOf":{"@id":"https:\/\/www.fontemurata.it\/de\/#website"},"primaryImageOfPage":{"@id":"https:\/\/www.fontemurata.it\/de\/bed-and-breakfast\/#primaryimage"},"image":{"@id":"https:\/\/www.fontemurata.it\/de\/bed-and-breakfast\/#primaryimage"},"thumbnailUrl":"https:\/\/www.fontemurata.it\/wp-content\/uploads\/header_bb_2023.jpg","datePublished":"2021-02-05T08:53:44+00:00","dateModified":"2025-10-29T08:21:15+00:00","description":"Das Haus besteht aus 3 Schlafzimmern, jedes mit unterschiedlichen Eigenschaften und alle mit eigenem Bad. Ein Wohnzimmer mit TV und Kamin.","breadcrumb":{"@id":"https:\/\/www.fontemurata.it\/de\/bed-and-breakfast\/#breadcrumb"},"inLanguage":"de","potentialAction":[{"@type":"ReadAction","target":["https:\/\/www.fontemurata.it\/de\/bed-and-breakfast\/"]}]},{"@type":"ImageObject","inLanguage":"de","@id":"https:\/\/www.fontemurata.it\/de\/bed-and-breakfast\/#primaryimage","url":"https:\/\/www.fontemurata.it\/wp-content\/uploads\/header_bb_2023.jpg","contentUrl":"https:\/\/www.fontemurata.it\/wp-content\/uploads\/header_bb_2023.jpg","width":1700,"height":1133,"caption":"B&B Fonte Murata"},{"@type":"BreadcrumbList","@id":"https:\/\/www.fontemurata.it\/de\/bed-and-breakfast\/#breadcrumb","itemListElement":[{"@type":"ListItem","position":1,"name":"Home","item":"https:\/\/www.fontemurata.it\/de\/"},{"@type":"ListItem","position":2,"name":"Bed &#038; Breakfast"}]},{"@type":"WebSite","@id":"https:\/\/www.fontemurata.it\/de\/#website","url":"https:\/\/www.fontemurata.it\/de\/","name":"B&B Fonte Murata","description":"Isola d&#039;Elba","publisher":{"@id":"https:\/\/www.fontemurata.it\/de\/#organization"},"potentialAction":[{"@type":"SearchAction","target":{"@type":"EntryPoint","urlTemplate":"https:\/\/www.fontemurata.it\/de\/?s={search_term_string}"},"query-input":{"@type":"PropertyValueSpecification","valueRequired":true,"valueName":"search_term_string"}}],"inLanguage":"de"},{"@type":"Organization","@id":"https:\/\/www.fontemurata.it\/de\/#organization","name":"B&B Fonte Murata","url":"https:\/\/www.fontemurata.it\/de\/","logo":{"@type":"ImageObject","inLanguage":"de","@id":"https:\/\/www.fontemurata.it\/de\/#\/schema\/logo\/image\/","url":"https:\/\/www.fontemurata.it\/wp-content\/uploads\/fonte-murata.png","contentUrl":"https:\/\/www.fontemurata.it\/wp-content\/uploads\/fonte-murata.png","width":400,"height":150,"caption":"B&B Fonte Murata"},"image":{"@id":"https:\/\/www.fontemurata.it\/de\/#\/schema\/logo\/image\/"},"sameAs":["https:\/\/www.facebook.com\/fontemurata.elba","https:\/\/www.instagram.com\/fontemurata_bbelba\/"]}]}},"_links":{"self":[{"href":"https:\/\/www.fontemurata.it\/de\/wp-json\/wp\/v2\/pages\/2052","targetHints":{"allow":["GET"]}}],"collection":[{"href":"https:\/\/www.fontemurata.it\/de\/wp-json\/wp\/v2\/pages"}],"about":[{"href":"https:\/\/www.fontemurata.it\/de\/wp-json\/wp\/v2\/types\/page"}],"author":[{"embeddable":true,"href":"https:\/\/www.fontemurata.it\/de\/wp-json\/wp\/v2\/users\/1"}],"replies":[{"embeddable":true,"href":"https:\/\/www.fontemurata.it\/de\/wp-json\/wp\/v2\/comments?post=2052"}],"version-history":[{"count":15,"href":"https:\/\/www.fontemurata.it\/de\/wp-json\/wp\/v2\/pages\/2052\/revisions"}],"predecessor-version":[{"id":2864,"href":"https:\/\/www.fontemurata.it\/de\/wp-json\/wp\/v2\/pages\/2052\/revisions\/2864"}],"wp:featuredmedia":[{"embeddable":true,"href":"https:\/\/www.fontemurata.it\/de\/wp-json\/wp\/v2\/media\/2453"}],"wp:attachment":[{"href":"https:\/\/www.fontemurata.it\/de\/wp-json\/wp\/v2\/media?parent=2052"}],"curies":[{"name":"wp","href":"https:\/\/api.w.org\/{rel}","templated":true}]}}